{"id":107,"date":"2020-12-15T17:26:52","date_gmt":"2020-12-15T21:26:52","guid":{"rendered":"https:\/\/relaxsan.mx\/ve\/?post_type=product&#038;p=107"},"modified":"2026-03-02T13:16:22","modified_gmt":"2026-03-02T17:16:22","slug":"antiembolica-muslo-18-23","status":"publish","type":"product","link":"https:\/\/relaxsan.mx\/ve\/product\/antiembolica-muslo-18-23\/","title":{"rendered":"Antiemb\u00f3lica Muslo 18-23 mmHg"},"content":{"rendered":"<p>L\u00ednea completa de medias el\u00e1sticas antitrombos dise\u00f1adas espec\u00edficamente para la profilaxis tromboemb\u00f3lica y para uso cl\u00ednico y hospitalario antes, durante y despu\u00e9s de la cirug\u00eda.<\/p>\n<p>25% Elastano<\/p>\n<p>75% Poliamida<\/p>\n<p>Compresi\u00f3n 18-23 mmHg<\/p>\n","protected":false},"excerpt":{"rendered":"<p>L\u00ednea completa de medias el\u00e1sticas antitrombos dise\u00f1adas espec\u00edficamente para la profilaxis tromboemb\u00f3lica y para uso cl\u00ednico y hospitalario antes, durante y despu\u00e9s de la cirug\u00eda.<\/p>\n","protected":false},"featured_media":618,"comment_status":"open","ping_status":"closed","template":"","meta":[],"product_brand":[],"product_cat":[21],"product_tag":[],"class_list":{"0":"post-107","1":"product","2":"type-product","3":"status-publish","4":"has-post-thumbnail","6":"product_cat-antiembolicas","7":"thunk-woo-product-list","8":"opn-qv-enable","9":"open-woo-hover-","10":"open-single-product-tab-horizontal","11":"open-shadow-","12":"open-shadow-hover-","14":"first","15":"instock","16":"taxable","17":"shipping-taxable","18":"purchasable","19":"product-type-variable"},"jetpack_sharing_enabled":true,"_links":{"self":[{"href":"https:\/\/relaxsan.mx\/ve\/wp-json\/wp\/v2\/product\/107","targetHints":{"allow":["GET"]}}],"collection":[{"href":"https:\/\/relaxsan.mx\/ve\/wp-json\/wp\/v2\/product"}],"about":[{"href":"https:\/\/relaxsan.mx\/ve\/wp-json\/wp\/v2\/types\/product"}],"replies":[{"embeddable":true,"href":"https:\/\/relaxsan.mx\/ve\/wp-json\/wp\/v2\/comments?post=107"}],"version-history":[{"count":1,"href":"https:\/\/relaxsan.mx\/ve\/wp-json\/wp\/v2\/product\/107\/revisions"}],"predecessor-version":[{"id":330,"href":"https:\/\/relaxsan.mx\/ve\/wp-json\/wp\/v2\/product\/107\/revisions\/330"}],"wp:featuredmedia":[{"embeddable":true,"href":"https:\/\/relaxsan.mx\/ve\/wp-json\/wp\/v2\/media\/618"}],"wp:attachment":[{"href":"https:\/\/relaxsan.mx\/ve\/wp-json\/wp\/v2\/media?parent=107"}],"wp:term":[{"taxonomy":"product_brand","embeddable":true,"href":"https:\/\/relaxsan.mx\/ve\/wp-json\/wp\/v2\/product_brand?post=107"},{"taxonomy":"product_cat","embeddable":true,"href":"https:\/\/relaxsan.mx\/ve\/wp-json\/wp\/v2\/product_cat?post=107"},{"taxonomy":"product_tag","embeddable":true,"href":"https:\/\/relaxsan.mx\/ve\/wp-json\/wp\/v2\/product_tag?post=107"}],"curies":[{"name":"wp","href":"https:\/\/api.w.org\/{rel}","templated":true}]}}