{"id":137,"date":"2020-12-16T17:39:13","date_gmt":"2020-12-16T21:39:13","guid":{"rendered":"https:\/\/relaxsan.mx\/ve\/?post_type=product&#038;p=137"},"modified":"2026-03-02T13:11:14","modified_gmt":"2026-03-02T17:11:14","slug":"panty-20-30","status":"publish","type":"product","link":"https:\/\/relaxsan.mx\/ve\/product\/panty-20-30\/","title":{"rendered":"Panty 20-30 mmHg"},"content":{"rendered":"<p>Media Panty Completa<\/p>\n<p>\u00abMADE IN ITALY\u00bb<\/p>\n<p>L\u00ednea cl\u00e1sica de medias el\u00e1sticas de compresi\u00f3n graduada hechas con hilos el\u00e1sticos de doble cobertura de alta calidad para garantizar comodidad y durabilidad. Tal\u00f3n reforzado y anat\u00f3mico para un ajuste perfecto.<\/p>\n<p>25% Elastano<\/p>\n<p>75% Poliamida<\/p>\n<p>Compresi\u00f3n 22-27 mmHg<\/p>\n<p>(Equivalente a 20-30 mmHg)<\/p>\n<p>Recomendado para aquellas personas con problemas cr\u00f3nicos de venas varicosas.<\/p>\n","protected":false},"excerpt":{"rendered":"<p>L\u00ednea cl\u00e1sica de medias el\u00e1sticas de compresi\u00f3n graduada hechas con hilos el\u00e1sticos de doble cobertura de alta calidad para garantizar comodidad y durabilidad. Tal\u00f3n reforzado y anat\u00f3mico para un ajuste perfecto.<\/p>\n<p>Recomendado para aquellas personas con problemas cr\u00f3nicos de venas varicosas.<\/p>\n","protected":false},"featured_media":80,"comment_status":"open","ping_status":"closed","template":"","meta":[],"product_brand":[],"product_cat":[15,29],"product_tag":[],"class_list":{"0":"post-137","1":"product","2":"type-product","3":"status-publish","4":"has-post-thumbnail","6":"product_cat-medias-de-compresion-varices","7":"product_cat-compresion-alta-20-30","8":"thunk-woo-product-list","9":"opn-qv-enable","10":"open-woo-hover-","11":"open-single-product-tab-horizontal","12":"open-shadow-","13":"open-shadow-hover-","15":"first","16":"instock","17":"taxable","18":"shipping-taxable","19":"purchasable","20":"product-type-variable"},"jetpack_sharing_enabled":true,"_links":{"self":[{"href":"https:\/\/relaxsan.mx\/ve\/wp-json\/wp\/v2\/product\/137","targetHints":{"allow":["GET"]}}],"collection":[{"href":"https:\/\/relaxsan.mx\/ve\/wp-json\/wp\/v2\/product"}],"about":[{"href":"https:\/\/relaxsan.mx\/ve\/wp-json\/wp\/v2\/types\/product"}],"replies":[{"embeddable":true,"href":"https:\/\/relaxsan.mx\/ve\/wp-json\/wp\/v2\/comments?post=137"}],"version-history":[{"count":5,"href":"https:\/\/relaxsan.mx\/ve\/wp-json\/wp\/v2\/product\/137\/revisions"}],"predecessor-version":[{"id":227,"href":"https:\/\/relaxsan.mx\/ve\/wp-json\/wp\/v2\/product\/137\/revisions\/227"}],"wp:featuredmedia":[{"embeddable":true,"href":"https:\/\/relaxsan.mx\/ve\/wp-json\/wp\/v2\/media\/80"}],"wp:attachment":[{"href":"https:\/\/relaxsan.mx\/ve\/wp-json\/wp\/v2\/media?parent=137"}],"wp:term":[{"taxonomy":"product_brand","embeddable":true,"href":"https:\/\/relaxsan.mx\/ve\/wp-json\/wp\/v2\/product_brand?post=137"},{"taxonomy":"product_cat","embeddable":true,"href":"https:\/\/relaxsan.mx\/ve\/wp-json\/wp\/v2\/product_cat?post=137"},{"taxonomy":"product_tag","embeddable":true,"href":"https:\/\/relaxsan.mx\/ve\/wp-json\/wp\/v2\/product_tag?post=137"}],"curies":[{"name":"wp","href":"https:\/\/api.w.org\/{rel}","templated":true}]}}